{"id":851,"date":"2026-01-22T08:18:15","date_gmt":"2026-01-22T08:18:15","guid":{"rendered":"https:\/\/havaliyatakfiyatlari.com\/?page_id=851"},"modified":"2026-01-22T08:20:49","modified_gmt":"2026-01-22T08:20:49","slug":"kiralik-urunler","status":"publish","type":"page","link":"https:\/\/havaliyatakfiyatlari.com\/?page_id=851","title":{"rendered":"Kiral\u0131k \u00dcr\u00fcnler"},"content":{"rendered":"\t\t<div data-elementor-type=\"wp-page\" data-elementor-id=\"851\" class=\"elementor elementor-851\">\n\t\t\t\t<div class=\"elementor-element elementor-element-a47c838 e-flex e-con-boxed e-con e-parent\" data-id=\"a47c838\" data-element_type=\"container\">\n\t\t\t\t\t<div class=\"e-con-inner\">\n\t\t\t\t<div class=\"elementor-element elementor-element-ee53bf6 elementor-widget elementor-widget-medibazar-product-grid\" data-id=\"ee53bf6\" data-element_type=\"widget\" data-widget_type=\"medibazar-product-grid.default\">\n\t\t\t\t<div class=\"elementor-widget-container\">\n\t\t\t\t\t\t\t\r\n\t\t<div class=\"product-area klb-product pb-70\"><div class=\"container\"><div class=\"row mb-30\"><div class=\"col-xl-7 col-lg-7 col-md-7\"><div class=\"section-title mb-30\"><h2>Hasta Yata\u011f\u0131 Kiralama<\/h2><p><\/p><\/div><\/div><div class=\"col-xl-5 col-lg-5 col-md-5\"><div class=\"b-button shop-btn s-btn text-md-right mb-30\"><a href=\"\" > <i class=\"fal fa-long-arrow-right\"><\/i><\/a><\/div><\/div><\/div><div class=\"row\"><div class=\"col-lg-4 col-md-6\"><div class=\"product-03-wrapper grey-2-bg pos-rel text-center mb-30\"><div class=\"product-02-img pos-rel\"><a href=\"https:\/\/havaliyatakfiyatlari.com\/?product=2-motorlu-hasta-karyolasi-kiralama\"><img decoding=\"async\" src=\"https:\/\/havaliyatakfiyatlari.com\/wp-content\/uploads\/2026\/01\/2-motorlu-hasta-karyolasi-kiralik-scaled.jpg\" alt=\"product_img1\"><\/a><div class=\"product-action\"><a href=\"https:\/\/havaliyatakfiyatlari.com\/?product=2-motorlu-hasta-karyolasi-kiralama\" aria-describedby=\"woocommerce_loop_add_to_cart_link_describedby_756\" data-quantity=\"1\" class=\"action-btn button product_type_simple\" data-product_id=\"756\" data-product_sku=\"\" aria-label=\"&ldquo;2 Motorlu Hasta Karyolas\u0131 Kiralama&rdquo; hakk\u0131nda daha fazla bilgi edinin\" rel=\"nofollow\" data-success_message=\"\"><i class=\"far fa-cart-plus\"><\/i><\/a><\/div><\/div><div class=\"product-text\"><h4><a href=\"https:\/\/havaliyatakfiyatlari.com\/?product=2-motorlu-hasta-karyolasi-kiralama\">2 Motorlu Hasta Karyolas\u0131 Kiralama<\/a><\/h4><\/div><\/div><\/div><div class=\"col-lg-4 col-md-6\"><div class=\"product-03-wrapper grey-2-bg pos-rel text-center mb-30\"><div class=\"product-02-img pos-rel\"><a href=\"https:\/\/havaliyatakfiyatlari.com\/?product=2-motorlu-hasta-karyolasi-kiralama-2\"><img decoding=\"async\" src=\"https:\/\/havaliyatakfiyatlari.com\/wp-content\/uploads\/2026\/01\/2-motor-tabanca-korkuluklu-kiralik-hasta-karyolasi-scaled.jpg\" alt=\"product_img1\"><\/a><div class=\"product-action\"><a href=\"https:\/\/havaliyatakfiyatlari.com\/?product=2-motorlu-hasta-karyolasi-kiralama-2\" aria-describedby=\"woocommerce_loop_add_to_cart_link_describedby_757\" data-quantity=\"1\" class=\"action-btn button product_type_simple\" data-product_id=\"757\" data-product_sku=\"\" aria-label=\"&ldquo;2 Motorlu Hasta Karyolas\u0131 Kiralama&rdquo; hakk\u0131nda daha fazla bilgi edinin\" rel=\"nofollow\" data-success_message=\"\"><i class=\"far fa-cart-plus\"><\/i><\/a><\/div><\/div><div class=\"product-text\"><h4><a href=\"https:\/\/havaliyatakfiyatlari.com\/?product=2-motorlu-hasta-karyolasi-kiralama-2\">2 Motorlu Hasta Karyolas\u0131 Kiralama<\/a><\/h4><\/div><\/div><\/div><div class=\"col-lg-4 col-md-6\"><div class=\"product-03-wrapper grey-2-bg pos-rel text-center mb-30\"><div class=\"product-02-img pos-rel\"><a href=\"https:\/\/havaliyatakfiyatlari.com\/?product=2-motorlu-hasta-karyolasi-kiralama-3\"><img decoding=\"async\" src=\"https:\/\/havaliyatakfiyatlari.com\/wp-content\/uploads\/2026\/01\/2-motor-uygun-fiyatli-hasta-yatagi-kiralama-scaled.jpg\" alt=\"product_img1\"><\/a><div class=\"product-action\"><a href=\"https:\/\/havaliyatakfiyatlari.com\/?product=2-motorlu-hasta-karyolasi-kiralama-3\" aria-describedby=\"woocommerce_loop_add_to_cart_link_describedby_758\" data-quantity=\"1\" class=\"action-btn button product_type_simple\" data-product_id=\"758\" data-product_sku=\"\" aria-label=\"&ldquo;2 Motorlu Hasta Karyolas\u0131 Kiralama&rdquo; hakk\u0131nda daha fazla bilgi edinin\" rel=\"nofollow\" data-success_message=\"\"><i class=\"far fa-cart-plus\"><\/i><\/a><\/div><\/div><div class=\"product-text\"><h4><a href=\"https:\/\/havaliyatakfiyatlari.com\/?product=2-motorlu-hasta-karyolasi-kiralama-3\">2 Motorlu Hasta Karyolas\u0131 Kiralama<\/a><\/h4><\/div><\/div><\/div><div class=\"col-lg-4 col-md-6\"><div class=\"product-03-wrapper grey-2-bg pos-rel text-center mb-30\"><div class=\"product-02-img pos-rel\"><a href=\"https:\/\/havaliyatakfiyatlari.com\/?product=3-motorlu-hasta-karyolasi-kiralama\"><img decoding=\"async\" src=\"https:\/\/havaliyatakfiyatlari.com\/wp-content\/uploads\/2026\/01\/3-motorlu-kiralik-hasta-karyolasi-scaled.jpg\" alt=\"product_img1\"><\/a><div class=\"product-action\"><a href=\"https:\/\/havaliyatakfiyatlari.com\/?product=3-motorlu-hasta-karyolasi-kiralama\" aria-describedby=\"woocommerce_loop_add_to_cart_link_describedby_759\" data-quantity=\"1\" class=\"action-btn button product_type_simple\" data-product_id=\"759\" data-product_sku=\"\" aria-label=\"&ldquo;3 Motorlu Hasta Karyolas\u0131 Kiralama&rdquo; hakk\u0131nda daha fazla bilgi edinin\" rel=\"nofollow\" data-success_message=\"\"><i class=\"far fa-cart-plus\"><\/i><\/a><\/div><\/div><div class=\"product-text\"><h4><a href=\"https:\/\/havaliyatakfiyatlari.com\/?product=3-motorlu-hasta-karyolasi-kiralama\">3 Motorlu Hasta Karyolas\u0131 Kiralama<\/a><\/h4><\/div><\/div><\/div><div class=\"col-lg-4 col-md-6\"><div class=\"product-03-wrapper grey-2-bg pos-rel text-center mb-30\"><div class=\"product-02-img pos-rel\"><a href=\"https:\/\/havaliyatakfiyatlari.com\/?product=4-motorlu-hasta-karyolasi-kiralama\"><img decoding=\"async\" src=\"https:\/\/havaliyatakfiyatlari.com\/wp-content\/uploads\/2026\/01\/4-motorlu-kiralik-hasta-yatagi-scaled.jpg\" alt=\"product_img1\"><\/a><div class=\"product-action\"><a href=\"https:\/\/havaliyatakfiyatlari.com\/?product=4-motorlu-hasta-karyolasi-kiralama\" aria-describedby=\"woocommerce_loop_add_to_cart_link_describedby_760\" data-quantity=\"1\" class=\"action-btn button product_type_simple\" data-product_id=\"760\" data-product_sku=\"\" aria-label=\"&ldquo;4 Motorlu Hasta Karyolas\u0131 Kiralama&rdquo; hakk\u0131nda daha fazla bilgi edinin\" rel=\"nofollow\" data-success_message=\"\"><i class=\"far fa-cart-plus\"><\/i><\/a><\/div><\/div><div class=\"product-text\"><h4><a href=\"https:\/\/havaliyatakfiyatlari.com\/?product=4-motorlu-hasta-karyolasi-kiralama\">4 Motorlu Hasta Karyolas\u0131 Kiralama<\/a><\/h4><\/div><\/div><\/div><div class=\"col-lg-4 col-md-6\"><div class=\"product-03-wrapper grey-2-bg pos-rel text-center mb-30\"><div class=\"product-02-img pos-rel\"><a href=\"https:\/\/havaliyatakfiyatlari.com\/?product=ab-8-cm-havali-yatak-kiralama\"><img decoding=\"async\" src=\"https:\/\/havaliyatakfiyatlari.com\/wp-content\/uploads\/2026\/01\/boru-tipi-havali-yatak-kiralik-scaled.jpg\" alt=\"product_img1\"><\/a><div class=\"product-action\"><a href=\"https:\/\/havaliyatakfiyatlari.com\/?product=ab-8-cm-havali-yatak-kiralama\" aria-describedby=\"woocommerce_loop_add_to_cart_link_describedby_761\" data-quantity=\"1\" class=\"action-btn button product_type_simple\" data-product_id=\"761\" data-product_sku=\"\" aria-label=\"&ldquo;A+b 8 Cm Haval\u0131 Yatak Kiralama&rdquo; hakk\u0131nda daha fazla bilgi edinin\" rel=\"nofollow\" data-success_message=\"\"><i class=\"far fa-cart-plus\"><\/i><\/a><\/div><\/div><div class=\"product-text\"><h4><a href=\"https:\/\/havaliyatakfiyatlari.com\/?product=ab-8-cm-havali-yatak-kiralama\">A+b 8 Cm Haval\u0131 Yatak Kiralama<\/a><\/h4><\/div><\/div><\/div><div class=\"col-lg-4 col-md-6\"><div class=\"product-03-wrapper grey-2-bg pos-rel text-center mb-30\"><div class=\"product-02-img pos-rel\"><a href=\"https:\/\/havaliyatakfiyatlari.com\/?product=ab-boru-tipi-havali-yatak-kiralama\"><img decoding=\"async\" src=\"https:\/\/havaliyatakfiyatlari.com\/wp-content\/uploads\/2026\/01\/12-cm-boru-tipi-kiralik-havali-yatak-scaled.jpg\" alt=\"product_img1\"><\/a><div class=\"product-action\"><a href=\"https:\/\/havaliyatakfiyatlari.com\/?product=ab-boru-tipi-havali-yatak-kiralama\" aria-describedby=\"woocommerce_loop_add_to_cart_link_describedby_762\" data-quantity=\"1\" class=\"action-btn button product_type_simple\" data-product_id=\"762\" data-product_sku=\"\" aria-label=\"&ldquo;A+b Boru Tipi Haval\u0131 Yatak Kiralama&rdquo; hakk\u0131nda daha fazla bilgi edinin\" rel=\"nofollow\" data-success_message=\"\"><i class=\"far fa-cart-plus\"><\/i><\/a><\/div><\/div><div class=\"product-text\"><h4><a href=\"https:\/\/havaliyatakfiyatlari.com\/?product=ab-boru-tipi-havali-yatak-kiralama\">A+b Boru Tipi Haval\u0131 Yatak Kiralama<\/a><\/h4><\/div><\/div><\/div><div class=\"col-lg-4 col-md-6\"><div class=\"product-03-wrapper grey-2-bg pos-rel text-center mb-30\"><div class=\"product-02-img pos-rel\"><a href=\"https:\/\/havaliyatakfiyatlari.com\/?product=abc-boru-tipi-havali-yatak-kiralama\"><img decoding=\"async\" src=\"https:\/\/havaliyatakfiyatlari.com\/wp-content\/uploads\/2026\/01\/havali-yatak-kilolu-hasta-kullanimina-uygun-kiralik-scaled.jpg\" alt=\"product_img1\"><\/a><div class=\"product-action\"><a href=\"https:\/\/havaliyatakfiyatlari.com\/?product=abc-boru-tipi-havali-yatak-kiralama\" aria-describedby=\"woocommerce_loop_add_to_cart_link_describedby_763\" data-quantity=\"1\" class=\"action-btn button product_type_simple\" data-product_id=\"763\" data-product_sku=\"\" aria-label=\"&ldquo;Abc Boru Tipi Haval\u0131 Yatak Kiralama&rdquo; hakk\u0131nda daha fazla bilgi edinin\" rel=\"nofollow\" data-success_message=\"\"><i class=\"far fa-cart-plus\"><\/i><\/a><\/div><\/div><div class=\"product-text\"><h4><a href=\"https:\/\/havaliyatakfiyatlari.com\/?product=abc-boru-tipi-havali-yatak-kiralama\">Abc Boru Tipi Haval\u0131 Yatak Kiralama<\/a><\/h4><\/div><\/div><\/div><div class=\"col-lg-4 col-md-6\"><div class=\"product-03-wrapper grey-2-bg pos-rel text-center mb-30\"><div class=\"product-02-img pos-rel\"><a href=\"https:\/\/havaliyatakfiyatlari.com\/?product=hasta-tasima-lifti-kiralama\"><img decoding=\"async\" src=\"https:\/\/havaliyatakfiyatlari.com\/wp-content\/uploads\/2026\/01\/hasta-tasima-lifti-kiralik-scaled.jpg\" alt=\"product_img1\"><\/a><div class=\"product-action\"><a href=\"https:\/\/havaliyatakfiyatlari.com\/?product=hasta-tasima-lifti-kiralama\" aria-describedby=\"woocommerce_loop_add_to_cart_link_describedby_765\" data-quantity=\"1\" class=\"action-btn button product_type_simple\" data-product_id=\"765\" data-product_sku=\"\" aria-label=\"&ldquo;Hasta Ta\u015f\u0131ma Lifti Kiralama&rdquo; hakk\u0131nda daha fazla bilgi edinin\" rel=\"nofollow\" data-success_message=\"\"><i class=\"far fa-cart-plus\"><\/i><\/a><\/div><\/div><div class=\"product-text\"><h4><a href=\"https:\/\/havaliyatakfiyatlari.com\/?product=hasta-tasima-lifti-kiralama\">Hasta Ta\u015f\u0131ma Lifti Kiralama<\/a><\/h4><\/div><\/div><\/div><div class=\"col-lg-4 col-md-6\"><div class=\"product-03-wrapper grey-2-bg pos-rel text-center mb-30\"><div class=\"product-02-img pos-rel\"><a href=\"https:\/\/havaliyatakfiyatlari.com\/?product=hasta-yemek-masasi-kiralama\"><img decoding=\"async\" src=\"https:\/\/havaliyatakfiyatlari.com\/wp-content\/uploads\/2026\/01\/kiralik-hasta-yemek-masasi-amortisorlu-scaled.jpg\" alt=\"product_img1\"><\/a><div class=\"product-action\"><a href=\"https:\/\/havaliyatakfiyatlari.com\/?product=hasta-yemek-masasi-kiralama\" aria-describedby=\"woocommerce_loop_add_to_cart_link_describedby_766\" data-quantity=\"1\" class=\"action-btn button product_type_simple\" data-product_id=\"766\" data-product_sku=\"\" aria-label=\"&ldquo;Hasta Yemek Masas\u0131 Kiralama&rdquo; hakk\u0131nda daha fazla bilgi edinin\" rel=\"nofollow\" data-success_message=\"\"><i class=\"far fa-cart-plus\"><\/i><\/a><\/div><\/div><div class=\"product-text\"><h4><a href=\"https:\/\/havaliyatakfiyatlari.com\/?product=hasta-yemek-masasi-kiralama\">Hasta Yemek Masas\u0131 Kiralama<\/a><\/h4><\/div><\/div><\/div><div class=\"col-lg-4 col-md-6\"><div class=\"product-03-wrapper grey-2-bg pos-rel text-center mb-30\"><div class=\"product-02-img pos-rel\"><a href=\"https:\/\/havaliyatakfiyatlari.com\/?product=pozisyon-veren-havali-yatak-kiralama\"><img decoding=\"async\" src=\"https:\/\/havaliyatakfiyatlari.com\/wp-content\/uploads\/2026\/01\/pozisyon-veren-havali-yatak-kiralik-scaled.jpg\" alt=\"product_img1\"><\/a><div class=\"product-action\"><a href=\"https:\/\/havaliyatakfiyatlari.com\/?product=pozisyon-veren-havali-yatak-kiralama\" aria-describedby=\"woocommerce_loop_add_to_cart_link_describedby_764\" data-quantity=\"1\" class=\"action-btn button product_type_simple\" data-product_id=\"764\" data-product_sku=\"\" aria-label=\"&ldquo;Pozisyon Veren Haval\u0131 Yatak Kiralama&rdquo; hakk\u0131nda daha fazla bilgi edinin\" rel=\"nofollow\" data-success_message=\"\"><i class=\"far fa-cart-plus\"><\/i><\/a><\/div><\/div><div class=\"product-text\"><h4><a href=\"https:\/\/havaliyatakfiyatlari.com\/?product=pozisyon-veren-havali-yatak-kiralama\">Pozisyon Veren Haval\u0131 Yatak Kiralama<\/a><\/h4><\/div><\/div><\/div><\/div><div class=\"row\"><div class=\"col-12\"><div class=\"col-md-12\"><\/div><\/div><\/div><\/div><\/div>\t\t\t\t<\/div>\n\t\t\t\t<\/div>\n\t\t\t\t\t<\/div>\n\t\t\t\t<\/div>\n\t\t\t\t<\/div>\n\t\t","protected":false},"excerpt":{"rendered":"<p>Hasta Yata\u011f\u0131 Kiralama 2 Motorlu Hasta Karyolas\u0131 Kiralama 2 Motorlu Hasta Karyolas\u0131 Kiralama 2 Motorlu Hasta Karyolas\u0131 Kiralama 3 Motorlu Hasta Karyolas\u0131 Kiralama 4 Motorlu Hasta Karyolas\u0131 Kiralama A+b 8 Cm Haval\u0131 Yatak Kiralama A+b Boru Tipi Haval\u0131 Yatak Kiralama Abc Boru Tipi Haval\u0131 Yatak Kiralama Hasta Ta\u015f\u0131ma Lifti Kiralama Hasta Yemek Masas\u0131 Kiralama Pozisyon<\/p>\n<div class=\"klb-readmore\"><a class=\"c-btn\" href=\"https:\/\/havaliyatakfiyatlari.com\/?product=pozisyon-veren-havali-yatak-kiralama\">Read More <i class=\"far fa-plus\"><\/i><\/a><\/div>\n","protected":false},"author":1,"featured_media":0,"parent":0,"menu_order":0,"comment_status":"closed","ping_status":"closed","template":"","meta":{"footnotes":""},"class_list":["post-851","page","type-page","status-publish","hentry"],"_links":{"self":[{"href":"https:\/\/havaliyatakfiyatlari.com\/index.php?rest_route=\/wp\/v2\/pages\/851","targetHints":{"allow":["GET"]}}],"collection":[{"href":"https:\/\/havaliyatakfiyatlari.com\/index.php?rest_route=\/wp\/v2\/pages"}],"about":[{"href":"https:\/\/havaliyatakfiyatlari.com\/index.php?rest_route=\/wp\/v2\/types\/page"}],"author":[{"embeddable":true,"href":"https:\/\/havaliyatakfiyatlari.com\/index.php?rest_route=\/wp\/v2\/users\/1"}],"replies":[{"embeddable":true,"href":"https:\/\/havaliyatakfiyatlari.com\/index.php?rest_route=%2Fwp%2Fv2%2Fcomments&post=851"}],"version-history":[{"count":7,"href":"https:\/\/havaliyatakfiyatlari.com\/index.php?rest_route=\/wp\/v2\/pages\/851\/revisions"}],"predecessor-version":[{"id":859,"href":"https:\/\/havaliyatakfiyatlari.com\/index.php?rest_route=\/wp\/v2\/pages\/851\/revisions\/859"}],"wp:attachment":[{"href":"https:\/\/havaliyatakfiyatlari.com\/index.php?rest_route=%2Fwp%2Fv2%2Fmedia&parent=851"}],"curies":[{"name":"wp","href":"https:\/\/api.w.org\/{rel}","templated":true}]}}