{"id":832,"date":"2026-01-22T08:10:43","date_gmt":"2026-01-22T08:10:43","guid":{"rendered":"https:\/\/havaliyatakfiyatlari.com\/?page_id=832"},"modified":"2026-01-22T08:15:58","modified_gmt":"2026-01-22T08:15:58","slug":"elementor-page-832","status":"publish","type":"page","link":"https:\/\/havaliyatakfiyatlari.com\/?page_id=832","title":{"rendered":"Haval\u0131 Hasta Yata\u011f\u0131"},"content":{"rendered":"\t\t<div data-elementor-type=\"wp-page\" data-elementor-id=\"832\" class=\"elementor elementor-832\">\n\t\t\t\t<div class=\"elementor-element elementor-element-87c3287 e-flex e-con-boxed e-con e-parent\" data-id=\"87c3287\" data-element_type=\"container\">\n\t\t\t\t\t<div class=\"e-con-inner\">\n\t\t\t\t<div class=\"elementor-element elementor-element-a7f7420 elementor-widget elementor-widget-medibazar-product-grid\" data-id=\"a7f7420\" data-element_type=\"widget\" data-widget_type=\"medibazar-product-grid.default\">\n\t\t\t\t<div class=\"elementor-widget-container\">\n\t\t\t\t\t\t\t\r\n\t\t<div class=\"product-area klb-product pb-70\"><div class=\"container\"><div class=\"row mb-30\"><div class=\"col-xl-7 col-lg-7 col-md-7\"><div class=\"section-title mb-30\"><h2>Haval\u0131 Yataklar<\/h2><p><\/p><\/div><\/div><div class=\"col-xl-5 col-lg-5 col-md-5\"><div class=\"b-button shop-btn s-btn text-md-right mb-30\"><a href=\"\" > <i class=\"fal fa-long-arrow-right\"><\/i><\/a><\/div><\/div><\/div><div class=\"row\"><div class=\"col-lg-4 col-md-6\"><div class=\"product-03-wrapper grey-2-bg pos-rel text-center mb-30\"><div class=\"product-02-img pos-rel\"><a href=\"https:\/\/havaliyatakfiyatlari.com\/?product=ab-8-cm-boru-tipi-havali-yatak\"><img decoding=\"async\" src=\"https:\/\/havaliyatakfiyatlari.com\/wp-content\/uploads\/2026\/01\/boru-tipi-havali-yatak-scaled.jpg\" alt=\"product_img1\"><\/a><div class=\"product-action\"><a href=\"https:\/\/havaliyatakfiyatlari.com\/?product=ab-8-cm-boru-tipi-havali-yatak\" aria-describedby=\"woocommerce_loop_add_to_cart_link_describedby_748\" data-quantity=\"1\" class=\"action-btn button product_type_simple\" data-product_id=\"748\" data-product_sku=\"\" aria-label=\"&ldquo;A+b 8 Cm Boru Tipi Haval\u0131 Yatak&rdquo; hakk\u0131nda daha fazla bilgi edinin\" rel=\"nofollow\" data-success_message=\"\"><i class=\"far fa-cart-plus\"><\/i><\/a><\/div><\/div><div class=\"product-text\"><h4><a href=\"https:\/\/havaliyatakfiyatlari.com\/?product=ab-8-cm-boru-tipi-havali-yatak\">A+b 8 Cm Boru Tipi Haval\u0131 Yatak<\/a><\/h4><\/div><\/div><\/div><div class=\"col-lg-4 col-md-6\"><div class=\"product-03-wrapper grey-2-bg pos-rel text-center mb-30\"><div class=\"product-02-img pos-rel\"><a href=\"https:\/\/havaliyatakfiyatlari.com\/?product=ab-12-cm-boru-tipi-havali-yatak\"><img decoding=\"async\" src=\"https:\/\/havaliyatakfiyatlari.com\/wp-content\/uploads\/2026\/01\/12-cm-boru-tipi-havali-yatak-scaled.jpg\" alt=\"product_img1\"><\/a><div class=\"product-action\"><a href=\"https:\/\/havaliyatakfiyatlari.com\/?product=ab-12-cm-boru-tipi-havali-yatak\" aria-describedby=\"woocommerce_loop_add_to_cart_link_describedby_749\" data-quantity=\"1\" class=\"action-btn button product_type_simple\" data-product_id=\"749\" data-product_sku=\"\" aria-label=\"&ldquo;A+b 12 Cm Boru Tipi Haval\u0131 Yatak&rdquo; hakk\u0131nda daha fazla bilgi edinin\" rel=\"nofollow\" data-success_message=\"\"><i class=\"far fa-cart-plus\"><\/i><\/a><\/div><\/div><div class=\"product-text\"><h4><a href=\"https:\/\/havaliyatakfiyatlari.com\/?product=ab-12-cm-boru-tipi-havali-yatak\">A+b 12 Cm Boru Tipi Haval\u0131 Yatak<\/a><\/h4><\/div><\/div><\/div><div class=\"col-lg-4 col-md-6\"><div class=\"product-03-wrapper grey-2-bg pos-rel text-center mb-30\"><div class=\"product-02-img pos-rel\"><a href=\"https:\/\/havaliyatakfiyatlari.com\/?product=abc-12-cm-boru-tipi-havali-yatak\"><img decoding=\"async\" src=\"https:\/\/havaliyatakfiyatlari.com\/wp-content\/uploads\/2026\/01\/havali-yatak-kilolu-hasta-kullanimi-icin-uygun-scaled.jpg\" alt=\"product_img1\"><\/a><div class=\"product-action\"><a href=\"https:\/\/havaliyatakfiyatlari.com\/?product=abc-12-cm-boru-tipi-havali-yatak\" aria-describedby=\"woocommerce_loop_add_to_cart_link_describedby_750\" data-quantity=\"1\" class=\"action-btn button product_type_simple\" data-product_id=\"750\" data-product_sku=\"\" aria-label=\"&ldquo;A+b+c 12 Cm Boru Tipi Haval\u0131 Yatak&rdquo; hakk\u0131nda daha fazla bilgi edinin\" rel=\"nofollow\" data-success_message=\"\"><i class=\"far fa-cart-plus\"><\/i><\/a><\/div><\/div><div class=\"product-text\"><h4><a href=\"https:\/\/havaliyatakfiyatlari.com\/?product=abc-12-cm-boru-tipi-havali-yatak\">A+b+c 12 Cm Boru Tipi Haval\u0131 Yatak<\/a><\/h4><\/div><\/div><\/div><div class=\"col-lg-4 col-md-6\"><div class=\"product-03-wrapper grey-2-bg pos-rel text-center mb-30\"><div class=\"product-02-img pos-rel\"><a href=\"https:\/\/havaliyatakfiyatlari.com\/?product=ab-12-cm-pozisyon-veren-havali-yatak\"><img decoding=\"async\" src=\"https:\/\/havaliyatakfiyatlari.com\/wp-content\/uploads\/2026\/01\/pozisyon-veren-havali-yatak-1-scaled.jpg\" alt=\"product_img1\"><\/a><div class=\"product-action\"><a href=\"https:\/\/havaliyatakfiyatlari.com\/?product=ab-12-cm-pozisyon-veren-havali-yatak\" aria-describedby=\"woocommerce_loop_add_to_cart_link_describedby_751\" data-quantity=\"1\" class=\"action-btn button product_type_simple\" data-product_id=\"751\" data-product_sku=\"\" aria-label=\"&ldquo;A+b 12 Cm Pozisyon Veren Haval\u0131 Yatak&rdquo; hakk\u0131nda daha fazla bilgi edinin\" rel=\"nofollow\" data-success_message=\"\"><i class=\"far fa-cart-plus\"><\/i><\/a><\/div><\/div><div class=\"product-text\"><h4><a href=\"https:\/\/havaliyatakfiyatlari.com\/?product=ab-12-cm-pozisyon-veren-havali-yatak\">A+b 12 Cm Pozisyon Veren Haval\u0131 Yatak<\/a><\/h4><\/div><\/div><\/div><div class=\"col-lg-4 col-md-6\"><div class=\"product-03-wrapper grey-2-bg pos-rel text-center mb-30\"><div class=\"product-02-img pos-rel\"><a href=\"https:\/\/havaliyatakfiyatlari.com\/?product=45-derece-pozisyon-veren-havali-yatak\"><img decoding=\"async\" src=\"https:\/\/havaliyatakfiyatlari.com\/wp-content\/uploads\/2026\/01\/ultra-pozisyon-veren-havali-yatak-scaled.jpg\" alt=\"product_img1\"><\/a><div class=\"product-action\"><a href=\"https:\/\/havaliyatakfiyatlari.com\/?product=45-derece-pozisyon-veren-havali-yatak\" aria-describedby=\"woocommerce_loop_add_to_cart_link_describedby_752\" data-quantity=\"1\" class=\"action-btn button product_type_simple\" data-product_id=\"752\" data-product_sku=\"\" aria-label=\"&ldquo;45 Derece Pozisyon Veren Haval\u0131 Yatak&rdquo; hakk\u0131nda daha fazla bilgi edinin\" rel=\"nofollow\" data-success_message=\"\"><i class=\"far fa-cart-plus\"><\/i><\/a><\/div><\/div><div class=\"product-text\"><h4><a href=\"https:\/\/havaliyatakfiyatlari.com\/?product=45-derece-pozisyon-veren-havali-yatak\">45 Derece Pozisyon Veren Haval\u0131 Yatak<\/a><\/h4><\/div><\/div><\/div><\/div><div class=\"row\"><div class=\"col-12\"><div class=\"col-md-12\"><\/div><\/div><\/div><\/div><\/div>\t\t\t\t<\/div>\n\t\t\t\t<\/div>\n\t\t\t\t\t<\/div>\n\t\t\t\t<\/div>\n\t\t\t\t<\/div>\n\t\t","protected":false},"excerpt":{"rendered":"<p>Haval\u0131 Yataklar A+b 8 Cm Boru Tipi Haval\u0131 Yatak A+b 12 Cm Boru Tipi Haval\u0131 Yatak A+b+c 12 Cm Boru Tipi Haval\u0131 Yatak A+b 12 Cm Pozisyon Veren Haval\u0131 Yatak 45 Derece Pozisyon Veren Haval\u0131 Yatak<\/p>\n","protected":false},"author":1,"featured_media":0,"parent":0,"menu_order":0,"comment_status":"closed","ping_status":"closed","template":"","meta":{"footnotes":""},"class_list":["post-832","page","type-page","status-publish","hentry"],"_links":{"self":[{"href":"https:\/\/havaliyatakfiyatlari.com\/index.php?rest_route=\/wp\/v2\/pages\/832","targetHints":{"allow":["GET"]}}],"collection":[{"href":"https:\/\/havaliyatakfiyatlari.com\/index.php?rest_route=\/wp\/v2\/pages"}],"about":[{"href":"https:\/\/havaliyatakfiyatlari.com\/index.php?rest_route=\/wp\/v2\/types\/page"}],"author":[{"embeddable":true,"href":"https:\/\/havaliyatakfiyatlari.com\/index.php?rest_route=\/wp\/v2\/users\/1"}],"replies":[{"embeddable":true,"href":"https:\/\/havaliyatakfiyatlari.com\/index.php?rest_route=%2Fwp%2Fv2%2Fcomments&post=832"}],"version-history":[{"count":7,"href":"https:\/\/havaliyatakfiyatlari.com\/index.php?rest_route=\/wp\/v2\/pages\/832\/revisions"}],"predecessor-version":[{"id":840,"href":"https:\/\/havaliyatakfiyatlari.com\/index.php?rest_route=\/wp\/v2\/pages\/832\/revisions\/840"}],"wp:attachment":[{"href":"https:\/\/havaliyatakfiyatlari.com\/index.php?rest_route=%2Fwp%2Fv2%2Fmedia&parent=832"}],"curies":[{"name":"wp","href":"https:\/\/api.w.org\/{rel}","templated":true}]}}