{"id":826,"date":"2026-01-22T07:40:53","date_gmt":"2026-01-22T07:40:53","guid":{"rendered":"https:\/\/havaliyatakfiyatlari.com\/?page_id=826"},"modified":"2026-01-22T08:06:14","modified_gmt":"2026-01-22T08:06:14","slug":"hasta-yatagi","status":"publish","type":"page","link":"https:\/\/havaliyatakfiyatlari.com\/?page_id=826","title":{"rendered":"Hasta Yata\u011f\u0131"},"content":{"rendered":"\t\t<div data-elementor-type=\"wp-page\" data-elementor-id=\"826\" class=\"elementor elementor-826\">\n\t\t\t\t<div class=\"elementor-element elementor-element-3893517 e-flex e-con-boxed e-con e-parent\" data-id=\"3893517\" data-element_type=\"container\">\n\t\t\t\t\t<div class=\"e-con-inner\">\n\t\t\t\t<div class=\"elementor-element elementor-element-1a27ce9 elementor-widget elementor-widget-medibazar-product-grid\" data-id=\"1a27ce9\" data-element_type=\"widget\" data-widget_type=\"medibazar-product-grid.default\">\n\t\t\t\t<div class=\"elementor-widget-container\">\n\t\t\t\t\t\t\t\r\n\t\t<div class=\"product-area klb-product pb-70\"><div class=\"container\"><div class=\"row mb-30\"><div class=\"col-xl-7 col-lg-7 col-md-7\"><div class=\"section-title mb-30\"><h2>Hasta Yataklar\u0131<\/h2><p><\/p><\/div><\/div><div class=\"col-xl-5 col-lg-5 col-md-5\"><div class=\"b-button shop-btn s-btn text-md-right mb-30\"><a href=\"\" > <i class=\"fal fa-long-arrow-right\"><\/i><\/a><\/div><\/div><\/div><div class=\"row\"><div class=\"col-lg-4 col-md-6\"><div class=\"product-03-wrapper grey-2-bg pos-rel text-center mb-30\"><div class=\"product-02-img pos-rel\"><a href=\"https:\/\/havaliyatakfiyatlari.com\/?product=4-motorlu-hasta-karyolasi\"><img decoding=\"async\" src=\"https:\/\/havaliyatakfiyatlari.com\/wp-content\/uploads\/2026\/01\/4-motorlu-hasta-yatagi-scaled.jpg\" alt=\"product_img1\"><\/a><div class=\"product-action\"><a href=\"https:\/\/havaliyatakfiyatlari.com\/?product=4-motorlu-hasta-karyolasi\" aria-describedby=\"woocommerce_loop_add_to_cart_link_describedby_767\" data-quantity=\"1\" class=\"action-btn button product_type_simple\" data-product_id=\"767\" data-product_sku=\"\" aria-label=\"&ldquo;4 Motorlu Hasta Karyolas\u0131&rdquo; hakk\u0131nda daha fazla bilgi edinin\" rel=\"nofollow\" data-success_message=\"\"><i class=\"far fa-cart-plus\"><\/i><\/a><\/div><\/div><div class=\"product-text\"><h4><a href=\"https:\/\/havaliyatakfiyatlari.com\/?product=4-motorlu-hasta-karyolasi\">4 Motorlu Hasta Karyolas\u0131<\/a><\/h4><\/div><\/div><\/div><div class=\"col-lg-4 col-md-6\"><div class=\"product-03-wrapper grey-2-bg pos-rel text-center mb-30\"><div class=\"product-02-img pos-rel\"><a href=\"https:\/\/havaliyatakfiyatlari.com\/?product=4-motorlu-ahsap-hasta-karyolasi\"><img decoding=\"async\" src=\"https:\/\/havaliyatakfiyatlari.com\/wp-content\/uploads\/2026\/01\/alman-ahsap-4-motorlu-hasta-karyolasi-scaled.jpg\" alt=\"product_img1\"><\/a><div class=\"product-action\"><a href=\"https:\/\/havaliyatakfiyatlari.com\/?product=4-motorlu-ahsap-hasta-karyolasi\" aria-describedby=\"woocommerce_loop_add_to_cart_link_describedby_747\" data-quantity=\"1\" class=\"action-btn button product_type_simple\" data-product_id=\"747\" data-product_sku=\"\" aria-label=\"&ldquo;4 Motorlu Ah\u015fap Hasta Karyolas\u0131&rdquo; hakk\u0131nda daha fazla bilgi edinin\" rel=\"nofollow\" data-success_message=\"\"><i class=\"far fa-cart-plus\"><\/i><\/a><\/div><\/div><div class=\"product-text\"><h4><a href=\"https:\/\/havaliyatakfiyatlari.com\/?product=4-motorlu-ahsap-hasta-karyolasi\">4 Motorlu Ah\u015fap Hasta Karyolas\u0131<\/a><\/h4><\/div><\/div><\/div><div class=\"col-lg-4 col-md-6\"><div class=\"product-03-wrapper grey-2-bg pos-rel text-center mb-30\"><div class=\"product-02-img pos-rel\"><a href=\"https:\/\/havaliyatakfiyatlari.com\/?product=3-motorlu-hasta-karyolasi\"><img decoding=\"async\" src=\"https:\/\/havaliyatakfiyatlari.com\/wp-content\/uploads\/2026\/01\/3-motorlu-hasta-karyolasi-scaled.jpg\" alt=\"product_img1\"><\/a><div class=\"product-action\"><a href=\"https:\/\/havaliyatakfiyatlari.com\/?product=3-motorlu-hasta-karyolasi\" aria-describedby=\"woocommerce_loop_add_to_cart_link_describedby_746\" data-quantity=\"1\" class=\"action-btn button product_type_simple\" data-product_id=\"746\" data-product_sku=\"\" aria-label=\"&ldquo;3 Motorlu Hasta Karyolas\u0131&rdquo; hakk\u0131nda daha fazla bilgi edinin\" rel=\"nofollow\" data-success_message=\"\"><i class=\"far fa-cart-plus\"><\/i><\/a><\/div><\/div><div class=\"product-text\"><h4><a href=\"https:\/\/havaliyatakfiyatlari.com\/?product=3-motorlu-hasta-karyolasi\">3 Motorlu Hasta Karyolas\u0131<\/a><\/h4><\/div><\/div><\/div><div class=\"col-lg-4 col-md-6\"><div class=\"product-03-wrapper grey-2-bg pos-rel text-center mb-30\"><div class=\"product-02-img pos-rel\"><a href=\"https:\/\/havaliyatakfiyatlari.com\/?product=2-motorlu-hasta-karyolasi-2\"><img decoding=\"async\" src=\"https:\/\/havaliyatakfiyatlari.com\/wp-content\/uploads\/2026\/01\/2-motor-uygun-fiyatli-hasta-yatagi-scaled.jpg\" alt=\"product_img1\"><\/a><div class=\"product-action\"><a href=\"https:\/\/havaliyatakfiyatlari.com\/?product=2-motorlu-hasta-karyolasi-2\" aria-describedby=\"woocommerce_loop_add_to_cart_link_describedby_745\" data-quantity=\"1\" class=\"action-btn button product_type_simple\" data-product_id=\"745\" data-product_sku=\"\" aria-label=\"&ldquo;2 Motorlu Hasta Karyolas\u0131 | Uygun Fiyatl\u0131&rdquo; hakk\u0131nda daha fazla bilgi edinin\" rel=\"nofollow\" data-success_message=\"\"><i class=\"far fa-cart-plus\"><\/i><\/a><\/div><\/div><div class=\"product-text\"><h4><a href=\"https:\/\/havaliyatakfiyatlari.com\/?product=2-motorlu-hasta-karyolasi-2\">2 Motorlu Hasta Karyolas\u0131 | Uygun Fiyatl\u0131<\/a><\/h4><\/div><\/div><\/div><div class=\"col-lg-4 col-md-6\"><div class=\"product-03-wrapper grey-2-bg pos-rel text-center mb-30\"><div class=\"product-02-img pos-rel\"><a href=\"https:\/\/havaliyatakfiyatlari.com\/?product=2-motorlu-hasta-karyolasi\"><img decoding=\"async\" src=\"https:\/\/havaliyatakfiyatlari.com\/wp-content\/uploads\/2026\/01\/2-motorlu-hasta-karyolasi-scaled.jpg\" alt=\"product_img1\"><\/a><div class=\"product-action\"><a href=\"https:\/\/havaliyatakfiyatlari.com\/?product=2-motorlu-hasta-karyolasi\" aria-describedby=\"woocommerce_loop_add_to_cart_link_describedby_743\" data-quantity=\"1\" class=\"action-btn button product_type_simple\" data-product_id=\"743\" data-product_sku=\"\" aria-label=\"&ldquo;2 Motorlu Hasta Karyolas\u0131&rdquo; hakk\u0131nda daha fazla bilgi edinin\" rel=\"nofollow\" data-success_message=\"\"><i class=\"far fa-cart-plus\"><\/i><\/a><\/div><\/div><div class=\"product-text\"><h4><a href=\"https:\/\/havaliyatakfiyatlari.com\/?product=2-motorlu-hasta-karyolasi\">2 Motorlu Hasta Karyolas\u0131<\/a><\/h4><\/div><\/div><\/div><div class=\"col-lg-4 col-md-6\"><div class=\"product-03-wrapper grey-2-bg pos-rel text-center mb-30\"><div class=\"product-02-img pos-rel\"><a href=\"https:\/\/havaliyatakfiyatlari.com\/?product=2-motorlu-ahsap-hasta-karyolasi\"><img decoding=\"async\" src=\"https:\/\/havaliyatakfiyatlari.com\/wp-content\/uploads\/2026\/01\/2-motorlu-ahsap-hasta-karyolasi-scaled.jpg\" alt=\"product_img1\"><\/a><div class=\"product-action\"><a href=\"https:\/\/havaliyatakfiyatlari.com\/?product=2-motorlu-ahsap-hasta-karyolasi\" aria-describedby=\"woocommerce_loop_add_to_cart_link_describedby_754\" data-quantity=\"1\" class=\"action-btn button product_type_simple\" data-product_id=\"754\" data-product_sku=\"\" aria-label=\"&ldquo;2 Motorlu Ahsap Hasta Karyolas\u0131&rdquo; hakk\u0131nda daha fazla bilgi edinin\" rel=\"nofollow\" data-success_message=\"\"><i class=\"far fa-cart-plus\"><\/i><\/a><\/div><\/div><div class=\"product-text\"><h4><a href=\"https:\/\/havaliyatakfiyatlari.com\/?product=2-motorlu-ahsap-hasta-karyolasi\">2 Motorlu Ahsap Hasta Karyolas\u0131<\/a><\/h4><\/div><\/div><\/div><div class=\"col-lg-4 col-md-6\"><div class=\"product-03-wrapper grey-2-bg pos-rel text-center mb-30\"><div class=\"product-02-img pos-rel\"><a href=\"https:\/\/havaliyatakfiyatlari.com\/?product=2-motorlu-abs-hasta-karyolasi\"><img decoding=\"async\" src=\"https:\/\/havaliyatakfiyatlari.com\/wp-content\/uploads\/2026\/01\/2-motor-tabanca-korkuluklu-hasta-karyolasi-scaled.jpg\" alt=\"product_img1\"><\/a><div class=\"product-action\"><a href=\"https:\/\/havaliyatakfiyatlari.com\/?product=2-motorlu-abs-hasta-karyolasi\" aria-describedby=\"woocommerce_loop_add_to_cart_link_describedby_744\" data-quantity=\"1\" class=\"action-btn button product_type_simple\" data-product_id=\"744\" data-product_sku=\"\" aria-label=\"&ldquo;2 Motorlu Abs Hasta Karyolas\u0131&rdquo; hakk\u0131nda daha fazla bilgi edinin\" rel=\"nofollow\" data-success_message=\"\"><i class=\"far fa-cart-plus\"><\/i><\/a><\/div><\/div><div class=\"product-text\"><h4><a href=\"https:\/\/havaliyatakfiyatlari.com\/?product=2-motorlu-abs-hasta-karyolasi\">2 Motorlu Abs Hasta Karyolas\u0131<\/a><\/h4><\/div><\/div><\/div><\/div><div class=\"row\"><div class=\"col-12\"><div class=\"col-md-12\"><\/div><\/div><\/div><\/div><\/div>\t\t\t\t<\/div>\n\t\t\t\t<\/div>\n\t\t\t\t\t<\/div>\n\t\t\t\t<\/div>\n\t\t\t\t<\/div>\n\t\t","protected":false},"excerpt":{"rendered":"<p>Hasta Yataklar\u0131 4 Motorlu Hasta Karyolas\u0131 4 Motorlu Ah\u015fap Hasta Karyolas\u0131 3 Motorlu Hasta Karyolas\u0131 2 Motorlu Hasta Karyolas\u0131 | Uygun Fiyatl\u0131 2 Motorlu Hasta Karyolas\u0131 2 Motorlu Ahsap Hasta Karyolas\u0131 2 Motorlu Abs Hasta Karyolas\u0131<\/p>\n","protected":false},"author":1,"featured_media":0,"parent":0,"menu_order":0,"comment_status":"closed","ping_status":"closed","template":"","meta":{"footnotes":""},"class_list":["post-826","page","type-page","status-publish","hentry"],"_links":{"self":[{"href":"https:\/\/havaliyatakfiyatlari.com\/index.php?rest_route=\/wp\/v2\/pages\/826","targetHints":{"allow":["GET"]}}],"collection":[{"href":"https:\/\/havaliyatakfiyatlari.com\/index.php?rest_route=\/wp\/v2\/pages"}],"about":[{"href":"https:\/\/havaliyatakfiyatlari.com\/index.php?rest_route=\/wp\/v2\/types\/page"}],"author":[{"embeddable":true,"href":"https:\/\/havaliyatakfiyatlari.com\/index.php?rest_route=\/wp\/v2\/users\/1"}],"replies":[{"embeddable":true,"href":"https:\/\/havaliyatakfiyatlari.com\/index.php?rest_route=%2Fwp%2Fv2%2Fcomments&post=826"}],"version-history":[{"count":4,"href":"https:\/\/havaliyatakfiyatlari.com\/index.php?rest_route=\/wp\/v2\/pages\/826\/revisions"}],"predecessor-version":[{"id":831,"href":"https:\/\/havaliyatakfiyatlari.com\/index.php?rest_route=\/wp\/v2\/pages\/826\/revisions\/831"}],"wp:attachment":[{"href":"https:\/\/havaliyatakfiyatlari.com\/index.php?rest_route=%2Fwp%2Fv2%2Fmedia&parent=826"}],"curies":[{"name":"wp","href":"https:\/\/api.w.org\/{rel}","templated":true}]}}